{"id":176,"date":"2025-11-03T19:48:58","date_gmt":"2025-11-03T18:48:58","guid":{"rendered":"https:\/\/studentsiteshub.fr\/agest-clement\/?page_id=176"},"modified":"2026-01-10T16:13:59","modified_gmt":"2026-01-10T15:13:59","slug":"club","status":"publish","type":"page","link":"https:\/\/studentsiteshub.fr\/agest-clement\/club\/","title":{"rendered":"Club"},"content":{"rendered":"<p>[et_pb_section fb_built=\u00a0\u00bb1&Prime; _builder_version=\u00a0\u00bb4.27.4&Prime; _module_preset=\u00a0\u00bbdefault\u00a0\u00bb da_disable_devices=\u00a0\u00bboff|off|off\u00a0\u00bb global_colors_info=\u00a0\u00bb{}\u00a0\u00bb da_is_popup=\u00a0\u00bboff\u00a0\u00bb da_exit_intent=\u00a0\u00bboff\u00a0\u00bb da_has_close=\u00a0\u00bbon\u00a0\u00bb da_alt_close=\u00a0\u00bboff\u00a0\u00bb da_dark_close=\u00a0\u00bboff\u00a0\u00bb da_not_modal=\u00a0\u00bbon\u00a0\u00bb da_is_singular=\u00a0\u00bboff\u00a0\u00bb da_with_loader=\u00a0\u00bboff\u00a0\u00bb da_has_shadow=\u00a0\u00bbon\u00a0\u00bb][et_pb_row column_structure=\u00a0\u00bb1_2,1_2&Prime; _builder_version=\u00a0\u00bb4.27.4&Prime; _module_preset=\u00a0\u00bbdefault\u00a0\u00bb global_colors_info=\u00a0\u00bb{}\u00a0\u00bb][et_pb_column type=\u00a0\u00bb1_2&Prime; _builder_version=\u00a0\u00bb4.27.4&Prime; _module_preset=\u00a0\u00bbdefault\u00a0\u00bb global_colors_info=\u00a0\u00bb{}\u00a0\u00bb][et_pb_code _builder_version=\u00a0\u00bb4.27.5&Prime; _module_preset=\u00a0\u00bbdefault\u00a0\u00bb global_colors_info=\u00a0\u00bb{}\u00a0\u00bb]<!-- BLOC HISTOIRE DU CLUB AVEC BOUTON LIRE PLUS --><!-- [et_pb_line_break_holder] --><\/p>\n<div style=\"max-width:1100px;margin:0 auto 40px auto;padding:24px;border-radius:28px;background:linear-gradient(135deg,#005f2f,#bfeccb);box-shadow:0 18px 40px rgba(0,0,0,0.18);font-family:Arial,sans-serif;color:#0b3b24;\"><!-- [et_pb_line_break_holder] --><!-- [et_pb_line_break_holder] -->  <\/p>\n<h2 style=\"text-align:center;margin-top:0;margin-bottom:16px;text-transform:uppercase;letter-spacing:0.06em;color:#ffffff;\"><!-- [et_pb_line_break_holder] -->    Histoire du club<!-- [et_pb_line_break_holder] -->  <\/h2>\n<p><!-- [et_pb_line_break_holder] --><!-- [et_pb_line_break_holder] -->  <!-- TEXTE TOUJOURS VISIBLE --><!-- [et_pb_line_break_holder] -->  <pee style=\"font-size:1rem;line-height:1.6;margin-top:0;color:#fdfdfd;\"><!-- [et_pb_line_break_holder] -->    L\u2019association Union Sportive Soumouloise fut cr\u00e9\u00e9e en 1919. Association \u00e0 vocation multi-sports, c\u2019est en 1949 que la pratique du football devint pr\u00e9pond\u00e9rante. Dans les ann\u00e9es 1970, le foot \u00e0 6 se pratique dans toutes les communes, mais d\u00e9j\u00e0 celles-ci se rassemblent pour former une \u00e9quipe \u00e0 11. \u00c0 partir des ann\u00e9es 80 des regroupements vont se r\u00e9aliser : d\u2019abord avec Artigueloutan puis avec le FC Ousse en 88 et l\u2019AS Espoey en 91. En 1995 le F.C.V.O. na\u00eetra de ces fusions afin de cr\u00e9er un club g\u00e9r\u00e9 de fa\u00e7on \u00e9galitaire sans h\u00e9g\u00e9monie communale.<!-- [et_pb_line_break_holder] -->  <\/pee><!-- [et_pb_line_break_holder] --><!-- [et_pb_line_break_holder] -->  <!-- TEXTE MASQU\u00c9 AU D\u00c9PART --><!-- [et_pb_line_break_holder] -->  <\/p>\n<div class=\"texte-cache\" id=\"histoireClubContent\" style=\"max-height:0;overflow:hidden;transition:max-height 0.5s ease;\"><!-- [et_pb_line_break_holder] -->    <pee style=\"font-size:1rem;line-height:1.6;color:#fdfdfd;\"><!-- [et_pb_line_break_holder] -->      Les planches suivantes montrent l\u2019\u00e9volution de notre structure, il faut noter que les limites en capacit\u00e9 d\u2019accueil pour l\u2019\u00e9cole de foot sont atteintes. Le maintien \u00e0 ce niveau devient ann\u00e9e apr\u00e8s ann\u00e9e un challenge de plus en plus difficile \u00e0 relever, par le nombre de personnes qui s\u2019investissent dans l\u2019encadrement, par le nombre de terrains disponibles pour permettre aux 12 \u00e9quipes de s\u2019entra\u00eener la semaine et de jouer le week-end et par l\u2019obtention de ressources financi\u00e8res n\u00e9cessaires \u00e0 ces activit\u00e9s. Le foot est une activit\u00e9 se d\u00e9roulant en majeure partie durant la saison hivernale (septembre \u00e0 mai). Les contraintes m\u00e9t\u00e9orologiques, l\u2019\u00e9tat des terrains, l\u2019entra\u00eenement de nuit, l\u2019entretien du mat\u00e9riel pr\u00e9parent les enfants \u00e0 une vie en soci\u00e9t\u00e9 pas toujours facile.<!-- [et_pb_line_break_holder] -->    <\/pee><!-- [et_pb_line_break_holder] -->    <pee style=\"font-size:1rem;line-height:1.6;color:#fdfdfd;\"><!-- [et_pb_line_break_holder] -->      La plupart des associations rurales sont confront\u00e9es aux m\u00eames types de probl\u00e8mes. L\u2019inter-communalit\u00e9 est une des solutions permettant la survie de ces actions. Les municipalit\u00e9s doivent \u00eatre conscientes que leur participation sans a priori au fonctionnement du club est vitale.<!-- [et_pb_line_break_holder] -->    <\/pee><!-- [et_pb_line_break_holder] -->    <pee style=\"font-size:1rem;line-height:1.6;color:#fdfdfd;\"><!-- [et_pb_line_break_holder] -->      Sport num\u00e9ro un dans le monde, le football demeurera toujours et avant tout un jeu. La subtilit\u00e9, l\u2019adresse, le panache, l\u2019esprit cr\u00e9atif et collectif, l\u2019abn\u00e9gation, la solidarit\u00e9, la discipline, le courage et l\u2019amiti\u00e9 sont autant de qualit\u00e9s mises en exergue dans ce sport.<!-- [et_pb_line_break_holder] -->    <\/pee><!-- [et_pb_line_break_holder] -->    <pee style=\"font-size:1rem;line-height:1.6;color:#fdfdfd;\"><!-- [et_pb_line_break_holder] -->      Nous savons tous o\u00f9 m\u00e8ne l\u2019oisivet\u00e9 de nos enfants, l\u2019acquisition de la citoyennet\u00e9 que nous leur prodiguons doit permettre \u00e0 tous de reconna\u00eetre notre r\u00f4le social. De plus, la conservation d\u2019une activit\u00e9 d\u2019animation dans nos villages permet de maintenir de la vie et de la pr\u00e9sence de jeunes dans nos campagnes.<!-- [et_pb_line_break_holder] -->    <\/pee><!-- [et_pb_line_break_holder] -->    <pee style=\"font-size:1rem;line-height:1.6;color:#fdfdfd;\"><!-- [et_pb_line_break_holder] -->      Moyennant une cotisation de 200 Frs\/an, nos activit\u00e9s permettent \u00e0 des enfants de milieux sociaux, de situations familiales, de communes, d\u2019\u00e9coles ou de lyc\u00e9es diff\u00e9rents de se conna\u00eetre, de s\u2019appr\u00e9cier et de partager de bons moments et d\u2019autres plus difficiles.<!-- [et_pb_line_break_holder] -->    <\/pee><!-- [et_pb_line_break_holder] -->    <pee style=\"font-size:1rem;line-height:1.6;color:#fdfdfd;\"><!-- [et_pb_line_break_holder] -->      Nous terminerons par un appel \u00e0 l\u2019aide aux communes concern\u00e9es afin qu\u2019elles nous soutiennent davantage (y compris financi\u00e8rement) et plus nombreuses dans notre action.<!-- [et_pb_line_break_holder] -->    <\/pee><!-- [et_pb_line_break_holder] -->  <\/div>\n<p><!-- [et_pb_line_break_holder] --><!-- [et_pb_line_break_holder] -->  <!-- BOUTON LIRE PLUS \/ LIRE MOINS --><!-- [et_pb_line_break_holder] -->  <div<!-- [et_pb_line_break_holder] -->    id=\u00a0\u00bbhistoireClubButton\u00a0\u00bb<!-- [et_pb_line_break_holder] -->    style=\u00a0\u00bbdisplay:inline-block;background:#0A8A4C;color:#ffffff;padding:10px 20px;border-radius:999px;font-weight:600;margin-top:14px;cursor:pointer;text-align:center;transition:background 0.2s ease;\u00a0\u00bb><!-- [et_pb_line_break_holder] -->    Lire plus<!-- [et_pb_line_break_holder] -->  <\/div>\n<p><!-- [et_pb_line_break_holder] --><\/div>\n<p><!-- [et_pb_line_break_holder] --><!-- [et_pb_line_break_holder] --><script><!-- [et_pb_line_break_holder] -->\/\/ Bouton Lire plus \/ Lire moins<!-- [et_pb_line_break_holder] -->document.addEventListener('DOMContentLoaded', function () {<!-- [et_pb_line_break_holder] -->  const btn = document.getElementById('histoireClubButton');<!-- [et_pb_line_break_holder] -->  const content = document.getElementById('histoireClubContent');<!-- [et_pb_line_break_holder] --><!-- [et_pb_line_break_holder] -->  btn.addEventListener('click', function () {<!-- [et_pb_line_break_holder] -->    \/\/ Si ouvert -> on ferme<!-- [et_pb_line_break_holder] -->    if (content.style.maxHeight && content.style.maxHeight !== '0px') {<!-- [et_pb_line_break_holder] -->      content.style.maxHeight = '0';<!-- [et_pb_line_break_holder] -->      btn.textContent = 'Lire plus';<!-- [et_pb_line_break_holder] -->    } else {<!-- [et_pb_line_break_holder] -->      \/\/ On ouvre (grande valeur pour laisser tout le texte)<!-- [et_pb_line_break_holder] -->      content.style.maxHeight = content.scrollHeight + 'px';<!-- [et_pb_line_break_holder] -->      btn.textContent = 'Lire moins';<!-- [et_pb_line_break_holder] -->    }<!-- [et_pb_line_break_holder] -->  });<!-- [et_pb_line_break_holder] -->});<!-- [et_pb_line_break_holder] --><\/script><!-- [et_pb_line_break_holder] -->[\/et_pb_code][\/et_pb_column][et_pb_column type=\u00a0\u00bb1_2&Prime; _builder_version=\u00a0\u00bb4.27.4&Prime; _module_preset=\u00a0\u00bbdefault\u00a0\u00bb global_colors_info=\u00a0\u00bb{}\u00a0\u00bb][et_pb_image src=\u00a0\u00bbhttps:\/\/studentsiteshub.fr\/agest-clement\/wp-content\/uploads\/sites\/385\/2026\/01\/Soumoulou-foyer.webp\u00a0\u00bb title_text=\u00a0\u00bbSoumoulou-foyer\u00a0\u00bb _builder_version=\u00a0\u00bb4.27.5&Prime; _module_preset=\u00a0\u00bbdefault\u00a0\u00bb custom_margin=\u00a0\u00bb||||false|false\u00a0\u00bb custom_padding=\u00a0\u00bb10%||||false|false\u00a0\u00bb global_colors_info=\u00a0\u00bb{}\u00a0\u00bb][\/et_pb_image][\/et_pb_column][\/et_pb_row][et_pb_row _builder_version=\u00a0\u00bb4.27.5&Prime; _module_preset=\u00a0\u00bbdefault\u00a0\u00bb global_colors_info=\u00a0\u00bb{}\u00a0\u00bb][et_pb_column type=\u00a0\u00bb4_4&Prime; _builder_version=\u00a0\u00bb4.27.5&Prime; _module_preset=\u00a0\u00bbdefault\u00a0\u00bb global_colors_info=\u00a0\u00bb{}\u00a0\u00bb][dsm_image_carousel gallery_ids=\u00a0\u00bb397,398,399,400,514,515,516&Prime; _builder_version=\u00a0\u00bb4.27.5&Prime; _module_preset=\u00a0\u00bbdefault\u00a0\u00bb global_colors_info=\u00a0\u00bb{}\u00a0\u00bb][\/dsm_image_carousel][\/et_pb_column][\/et_pb_row][\/et_pb_section][et_pb_section fb_built=\u00a0\u00bb1&Prime; _builder_version=\u00a0\u00bb4.27.4&Prime; _module_preset=\u00a0\u00bbdefault\u00a0\u00bb background_color=\u00a0\u00bb#000000&Prime; da_disable_devices=\u00a0\u00bboff|off|off\u00a0\u00bb global_colors_info=\u00a0\u00bb{}\u00a0\u00bb da_is_popup=\u00a0\u00bboff\u00a0\u00bb da_exit_intent=\u00a0\u00bboff\u00a0\u00bb da_has_close=\u00a0\u00bbon\u00a0\u00bb da_alt_close=\u00a0\u00bboff\u00a0\u00bb da_dark_close=\u00a0\u00bboff\u00a0\u00bb da_not_modal=\u00a0\u00bbon\u00a0\u00bb da_is_singular=\u00a0\u00bboff\u00a0\u00bb da_with_loader=\u00a0\u00bboff\u00a0\u00bb da_has_shadow=\u00a0\u00bbon\u00a0\u00bb][et_pb_row _builder_version=\u00a0\u00bb4.27.4&Prime; _module_preset=\u00a0\u00bbdefault\u00a0\u00bb global_colors_info=\u00a0\u00bb{}\u00a0\u00bb][et_pb_column type=\u00a0\u00bb4_4&Prime; _builder_version=\u00a0\u00bb4.27.4&Prime; _module_preset=\u00a0\u00bbdefault\u00a0\u00bb global_colors_info=\u00a0\u00bb{}\u00a0\u00bb][et_pb_text _builder_version=\u00a0\u00bb4.27.5&Prime; _module_preset=\u00a0\u00bbdefault\u00a0\u00bb header_font_size=\u00a0\u00bb33px\u00a0\u00bb header_3_font=\u00a0\u00bbMontserrat|600|||||||\u00a0\u00bb header_3_text_color=\u00a0\u00bb#FFFFFF\u00a0\u00bb header_3_font_size=\u00a0\u00bb45px\u00a0\u00bb width=\u00a0\u00bb47%\u00a0\u00bb custom_margin=\u00a0\u00bb|||298px|false|false\u00a0\u00bb custom_padding=\u00a0\u00bb||||false|false\u00a0\u00bb header_3_font_size_tablet=\u00a0\u00bb43px\u00a0\u00bb header_3_font_size_phone=\u00a0\u00bb38px\u00a0\u00bb header_3_font_size_last_edited=\u00a0\u00bbon|phone\u00a0\u00bb module_alignment_tablet=\u00a0\u00bb\u00a0\u00bb module_alignment_phone=\u00a0\u00bbcenter\u00a0\u00bb module_alignment_last_edited=\u00a0\u00bbon|phone\u00a0\u00bb global_colors_info=\u00a0\u00bb{}\u00a0\u00bb]<\/p>\n<h3>Organigramme<\/h3>\n<p>[\/et_pb_text][et_pb_image src=\u00a0\u00bbhttps:\/\/studentsiteshub.fr\/agest-clement\/wp-content\/uploads\/sites\/385\/2025\/11\/BeigeModernBusinessOrganizationChartGraph1.webp\u00a0\u00bb title_text=\u00a0\u00bbBeige+Modern+Business+Organization+Chart+Graph+(1)\u00a0\u00bb _builder_version=\u00a0\u00bb4.27.5&Prime; _module_preset=\u00a0\u00bbdefault\u00a0\u00bb box_shadow_style=\u00a0\u00bbpreset1&Prime; global_colors_info=\u00a0\u00bb{}\u00a0\u00bb][\/et_pb_image][\/et_pb_column][\/et_pb_row][\/et_pb_section][et_pb_section fb_built=\u00a0\u00bb1&Prime; _builder_version=\u00a0\u00bb4.27.4&Prime; _module_preset=\u00a0\u00bbdefault\u00a0\u00bb background_color=\u00a0\u00bb#000000&Prime; da_disable_devices=\u00a0\u00bboff|off|off\u00a0\u00bb global_colors_info=\u00a0\u00bb{}\u00a0\u00bb da_is_popup=\u00a0\u00bboff\u00a0\u00bb da_exit_intent=\u00a0\u00bboff\u00a0\u00bb da_has_close=\u00a0\u00bbon\u00a0\u00bb da_alt_close=\u00a0\u00bboff\u00a0\u00bb da_dark_close=\u00a0\u00bboff\u00a0\u00bb da_not_modal=\u00a0\u00bbon\u00a0\u00bb da_is_singular=\u00a0\u00bboff\u00a0\u00bb da_with_loader=\u00a0\u00bboff\u00a0\u00bb da_has_shadow=\u00a0\u00bbon\u00a0\u00bb][et_pb_row _builder_version=\u00a0\u00bb4.27.4&Prime; _module_preset=\u00a0\u00bbdefault\u00a0\u00bb global_colors_info=\u00a0\u00bb{}\u00a0\u00bb][et_pb_column type=\u00a0\u00bb4_4&Prime; _builder_version=\u00a0\u00bb4.27.4&Prime; _module_preset=\u00a0\u00bbdefault\u00a0\u00bb global_colors_info=\u00a0\u00bb{}\u00a0\u00bb][et_pb_text _builder_version=\u00a0\u00bb4.27.5&Prime; _module_preset=\u00a0\u00bbdefault\u00a0\u00bb header_3_font=\u00a0\u00bbMontserrat|600|||||||\u00a0\u00bb header_3_text_align=\u00a0\u00bbcenter\u00a0\u00bb header_3_text_color=\u00a0\u00bb#FFFFFF\u00a0\u00bb header_3_font_size=\u00a0\u00bb40px\u00a0\u00bb global_colors_info=\u00a0\u00bb{}\u00a0\u00bb]<\/p>\n<h3>O\u00f9 sommes nous ?<\/h3>\n<p>[\/et_pb_text][\/et_pb_column][\/et_pb_row][et_pb_row column_structure=\u00a0\u00bb1_2,1_2&Prime; _builder_version=\u00a0\u00bb4.27.4&Prime; _module_preset=\u00a0\u00bbdefault\u00a0\u00bb global_colors_info=\u00a0\u00bb{}\u00a0\u00bb][et_pb_column type=\u00a0\u00bb1_2&Prime; _builder_version=\u00a0\u00bb4.27.4&Prime; _module_preset=\u00a0\u00bbdefault\u00a0\u00bb global_colors_info=\u00a0\u00bb{}\u00a0\u00bb][et_pb_text _builder_version=\u00a0\u00bb4.27.5&Prime; _module_preset=\u00a0\u00bbdefault\u00a0\u00bb text_font=\u00a0\u00bbMontserrat|500|||||||\u00a0\u00bb text_text_color=\u00a0\u00bb#FFFFFF\u00a0\u00bb text_font_size=\u00a0\u00bb20px\u00a0\u00bb global_colors_info=\u00a0\u00bb{}\u00a0\u00bb]<\/p>\n<p>Le Football Club Vall\u00e9e de l\u2019Ousse dispose de <strong data-start=\"46\" data-end=\"64\">trois terrains<\/strong> dans le d\u00e9partement, situ\u00e9s \u00e0 <strong data-start=\"95\" data-end=\"108\">Soumoulou<\/strong>, <strong data-start=\"110\" data-end=\"127\">Artigueloutan<\/strong> et <strong data-start=\"131\" data-end=\"141\">Espoey<\/strong>.<\/p>\n<p>[\/et_pb_text][\/et_pb_column][et_pb_column type=\u00a0\u00bb1_2&Prime; _builder_version=\u00a0\u00bb4.27.4&Prime; _module_preset=\u00a0\u00bbdefault\u00a0\u00bb global_colors_info=\u00a0\u00bb{}\u00a0\u00bb][et_pb_code _builder_version=\u00a0\u00bb4.27.5&Prime; _module_preset=\u00a0\u00bbdefault\u00a0\u00bb global_colors_info=\u00a0\u00bb{}\u00a0\u00bb]<iframe loading=\"lazy\" src=\"https:\/\/www.google.com\/maps\/d\/embed?mid=1zJRliMaWlIxMrTCkCq1VgWCDJyxydiI&#038;ehbc=2E312F&#038;noprof=1\" width=\"640\" height=\"480\"><\/iframe>[\/et_pb_code][\/et_pb_column][\/et_pb_row][\/et_pb_section]<\/p>\n","protected":false},"excerpt":{"rendered":"<p><div class=\"et_pb_module dsm_image_carousel dsm_image_carousel_0 dsm_image_carousel_arrow_outside dsm_image_carousel_arrow_mobile_inside \">\n\t\t\t\t\n\t\t\t\t\n\t\t\t\t\n\t\t\t\t\n\t\t\t\t\n\t\t\t\t\n\t\t\t\t<div class=\"et_pb_module_inner\">\n\t\t\t\t\t<div class=\"swiper-container dsm_image_carousel_container  dsm_image_carousel_carousel\" dir=\"ltr\"data-effect=\"default\"\n\t\t\tdata-slider-effect-shadows=\"false\"\n\t\t\tdata-slider-effect-coverflow-rotate=\"30\"\n\t\t\tdata-slider-effect-coverflow-depth=\"0\"\n\t\t\tdata-loop=\"true\"\n\t\t\tdata-slide-to-show=\"4\"\n\t\t\tdata-slide-to-show-tablet=\"1\"\n\t\t\tdata-slide-to-show-phone=\"1\"\n\t\t\tdata-slide-to-scroll=\"1\"\n\t\t\tdata-slide-to-scroll-tablet=\"1\"\n\t\t\tdata-slide-to-scroll-phone=\"1\"\n\t\t\tdata-space-between=\"15\"\n\t\t\tdata-space-between-tablet=\"15\"\n\t\t\tdata-space-between-phone=\"15\"\n\t\t\tdata-slide-row=\"1\"\n\t\t\tdata-centered-slides=\"false\"\n\t\t\tdata-speed=\"300\"\n\t\t\tdata-autoplay=\"true\"\n\t\t\tdata-autoplay-speed=\"3000\"\n\t\t\tdata-touch-move=\"true\"\n\t\t\tdata-grab=\"true\"\n\t\t\tdata-pause-on-hover=\"false\"\n\t\t\tdata-show-lightbox=\"false\"\n\t\t\tdata-lightbox-gallery=\"false\"\n\t\t\tdata-lightbox-caption=\"false\"\n\t\t\tdata-infinite-scrolling=\"false\"\n\t\t\tdata-slide-row-tablet=\"1\"\n\t\t\tdata-slide-row-phone=\"1\"\n\t\t\tdata-autoplay-viewport=80%\n\t\t\tdata-mousewheel=\"false\"\n\t\t\tdata-lazyload=\"false\"\n\t\t\tdata-type=\"carousel\"\n\t\t\tdata-slideshow-effect=\"default\"\n\t\t\tdata-slideshow-to-show=\"4\"\n\t\t\tdata-slideshow-to-show-tablet=\"4\"\n\t\t\tdata-slideshow-to-show-phone=\"\"\n\t\t\tdata-slider-orientation=\"horizontal\"\n\t\t\t><div class=\"swiper-wrapper\"><div class=\"swiper-slide dsm_image_carousel_item\"><img loading=\"lazy\" decoding=\"async\" src=\"https:\/\/studentsiteshub.fr\/agest-clement\/wp-content\/uploads\/sites\/385\/2025\/12\/Saison93annee84-81-scaled.webp\" alt=\"\" title=\"Saison+93+(ann\u00e9e+84-81)\" width=\"2560\" height=\"1674\" data-dsm-image-description=\"\" srcset=\"https:\/\/studentsiteshub.fr\/agest-clement\/wp-content\/uploads\/sites\/385\/2025\/12\/Saison93annee84-81-scaled.webp 2560w, https:\/\/studentsiteshub.fr\/agest-clement\/wp-content\/uploads\/sites\/385\/2025\/12\/Saison93annee84-81-1280x837.webp 1280w, https:\/\/studentsiteshub.fr\/agest-clement\/wp-content\/uploads\/sites\/385\/2025\/12\/Saison93annee84-81-980x641.webp 980w, https:\/\/studentsiteshub.fr\/agest-clement\/wp-content\/uploads\/sites\/385\/2025\/12\/Saison93annee84-81-480x314.webp 480w\" sizes=\"(min-width: 0px) and (max-width: 480px) 480px, (min-width: 481px) and (max-width: 980px) 980px, (min-width: 981px) and (max-width: 1280px) 1280px, (min-width: 1281px) 2560px, 100vw\" class=\" skip-lazy\" \/><\/div><div class=\"swiper-slide dsm_image_carousel_item\"><img loading=\"lazy\" decoding=\"async\" src=\"https:\/\/studentsiteshub.fr\/agest-clement\/wp-content\/uploads\/sites\/385\/2025\/12\/Saison93annee8586-scaled.webp\" alt=\"\" title=\"Saison+93+(ann\u00e9e+85+86)\" width=\"2560\" height=\"1678\" data-dsm-image-description=\"\" srcset=\"https:\/\/studentsiteshub.fr\/agest-clement\/wp-content\/uploads\/sites\/385\/2025\/12\/Saison93annee8586-scaled.webp 2560w, https:\/\/studentsiteshub.fr\/agest-clement\/wp-content\/uploads\/sites\/385\/2025\/12\/Saison93annee8586-1280x839.webp 1280w, https:\/\/studentsiteshub.fr\/agest-clement\/wp-content\/uploads\/sites\/385\/2025\/12\/Saison93annee8586-980x642.webp 980w, https:\/\/studentsiteshub.fr\/agest-clement\/wp-content\/uploads\/sites\/385\/2025\/12\/Saison93annee8586-480x315.webp 480w\" sizes=\"(min-width: 0px) and (max-width: 480px) 480px, (min-width: 481px) and (max-width: 980px) 980px, (min-width: 981px) and (max-width: 1280px) 1280px, (min-width: 1281px) 2560px, 100vw\" class=\" skip-lazy\" \/><\/div><div class=\"swiper-slide dsm_image_carousel_item\"><img loading=\"lazy\" decoding=\"async\" src=\"https:\/\/studentsiteshub.fr\/agest-clement\/wp-content\/uploads\/sites\/385\/2025\/12\/Saison94annee88.webp\" alt=\"\" title=\"Saison+94+(ann\u00e9e+88)\" width=\"1739\" height=\"1190\" data-dsm-image-description=\"\" srcset=\"https:\/\/studentsiteshub.fr\/agest-clement\/wp-content\/uploads\/sites\/385\/2025\/12\/Saison94annee88.webp 1739w, https:\/\/studentsiteshub.fr\/agest-clement\/wp-content\/uploads\/sites\/385\/2025\/12\/Saison94annee88-1280x876.webp 1280w, https:\/\/studentsiteshub.fr\/agest-clement\/wp-content\/uploads\/sites\/385\/2025\/12\/Saison94annee88-980x671.webp 980w, https:\/\/studentsiteshub.fr\/agest-clement\/wp-content\/uploads\/sites\/385\/2025\/12\/Saison94annee88-480x328.webp 480w\" sizes=\"(min-width: 0px) and (max-width: 480px) 480px, (min-width: 481px) and (max-width: 980px) 980px, (min-width: 981px) and (max-width: 1280px) 1280px, (min-width: 1281px) 1739px, 100vw\" class=\" skip-lazy\" \/><\/div><div class=\"swiper-slide dsm_image_carousel_item\"><img loading=\"lazy\" decoding=\"async\" src=\"https:\/\/studentsiteshub.fr\/agest-clement\/wp-content\/uploads\/sites\/385\/2025\/12\/Saison97annee85-86.webp\" alt=\"\" title=\"Saison+97+(ann\u00e9e+85-86)\" width=\"1746\" height=\"1190\" data-dsm-image-description=\"\" srcset=\"https:\/\/studentsiteshub.fr\/agest-clement\/wp-content\/uploads\/sites\/385\/2025\/12\/Saison97annee85-86.webp 1746w, https:\/\/studentsiteshub.fr\/agest-clement\/wp-content\/uploads\/sites\/385\/2025\/12\/Saison97annee85-86-1280x872.webp 1280w, https:\/\/studentsiteshub.fr\/agest-clement\/wp-content\/uploads\/sites\/385\/2025\/12\/Saison97annee85-86-980x668.webp 980w, https:\/\/studentsiteshub.fr\/agest-clement\/wp-content\/uploads\/sites\/385\/2025\/12\/Saison97annee85-86-480x327.webp 480w\" sizes=\"(min-width: 0px) and (max-width: 480px) 480px, (min-width: 481px) and (max-width: 980px) 980px, (min-width: 981px) and (max-width: 1280px) 1280px, (min-width: 1281px) 1746px, 100vw\" class=\" skip-lazy\" \/><\/div><div class=\"swiper-slide dsm_image_carousel_item\"><img loading=\"lazy\" decoding=\"async\" src=\"https:\/\/studentsiteshub.fr\/agest-clement\/wp-content\/uploads\/sites\/385\/2026\/01\/Saison97annee90.webp\" alt=\"\" title=\"Saison+97+(ann\u00e9e+90)\" width=\"1726\" height=\"994\" data-dsm-image-description=\"\" srcset=\"https:\/\/studentsiteshub.fr\/agest-clement\/wp-content\/uploads\/sites\/385\/2026\/01\/Saison97annee90.webp 1726w, https:\/\/studentsiteshub.fr\/agest-clement\/wp-content\/uploads\/sites\/385\/2026\/01\/Saison97annee90-1280x737.webp 1280w, https:\/\/studentsiteshub.fr\/agest-clement\/wp-content\/uploads\/sites\/385\/2026\/01\/Saison97annee90-980x564.webp 980w, https:\/\/studentsiteshub.fr\/agest-clement\/wp-content\/uploads\/sites\/385\/2026\/01\/Saison97annee90-480x276.webp 480w\" sizes=\"(min-width: 0px) and (max-width: 480px) 480px, (min-width: 481px) and (max-width: 980px) 980px, (min-width: 981px) and (max-width: 1280px) 1280px, (min-width: 1281px) 1726px, 100vw\" class=\" skip-lazy\" \/><\/div><div class=\"swiper-slide dsm_image_carousel_item\"><img loading=\"lazy\" decoding=\"async\" src=\"https:\/\/studentsiteshub.fr\/agest-clement\/wp-content\/uploads\/sites\/385\/2026\/01\/Saison98annee86-87.webp\" alt=\"\" title=\"Saison+98+(ann\u00e9e+86-87)\" width=\"2530\" height=\"1778\" data-dsm-image-description=\"\" srcset=\"https:\/\/studentsiteshub.fr\/agest-clement\/wp-content\/uploads\/sites\/385\/2026\/01\/Saison98annee86-87.webp 2530w, https:\/\/studentsiteshub.fr\/agest-clement\/wp-content\/uploads\/sites\/385\/2026\/01\/Saison98annee86-87-1280x900.webp 1280w, https:\/\/studentsiteshub.fr\/agest-clement\/wp-content\/uploads\/sites\/385\/2026\/01\/Saison98annee86-87-980x689.webp 980w, https:\/\/studentsiteshub.fr\/agest-clement\/wp-content\/uploads\/sites\/385\/2026\/01\/Saison98annee86-87-480x337.webp 480w\" sizes=\"(min-width: 0px) and (max-width: 480px) 480px, (min-width: 481px) and (max-width: 980px) 980px, (min-width: 981px) and (max-width: 1280px) 1280px, (min-width: 1281px) 2530px, 100vw\" class=\" skip-lazy\" \/><\/div><div class=\"swiper-slide dsm_image_carousel_item\"><img loading=\"lazy\" decoding=\"async\" src=\"https:\/\/studentsiteshub.fr\/agest-clement\/wp-content\/uploads\/sites\/385\/2026\/01\/Saison98annee88.webp\" alt=\"\" title=\"Saison+98+(ann\u00e9e+88)\" width=\"2530\" height=\"1792\" data-dsm-image-description=\"\" srcset=\"https:\/\/studentsiteshub.fr\/agest-clement\/wp-content\/uploads\/sites\/385\/2026\/01\/Saison98annee88.webp 2530w, https:\/\/studentsiteshub.fr\/agest-clement\/wp-content\/uploads\/sites\/385\/2026\/01\/Saison98annee88-1280x907.webp 1280w, https:\/\/studentsiteshub.fr\/agest-clement\/wp-content\/uploads\/sites\/385\/2026\/01\/Saison98annee88-980x694.webp 980w, https:\/\/studentsiteshub.fr\/agest-clement\/wp-content\/uploads\/sites\/385\/2026\/01\/Saison98annee88-480x340.webp 480w\" sizes=\"(min-width: 0px) and (max-width: 480px) 480px, (min-width: 481px) and (max-width: 980px) 980px, (min-width: 981px) and (max-width: 1280px) 1280px, (min-width: 1281px) 2530px, 100vw\" class=\" skip-lazy\" \/><\/div><\/div><\/div><div class=\"swiper-button-prev swiper-arrow-button\" data-icon=\"4\"><\/div><div class=\"swiper-button-next swiper-arrow-button\" data-icon=\"5\"><\/div><div class=\"swiper-pagination\"><\/div>\n\t\t\t\t<\/div>\n\t\t\t<\/div>OrganigrammeO\u00f9 sommes nous ?Le Football Club Vall\u00e9e de l\u2019Ousse dispose de trois terrains dans le d\u00e9partement, situ\u00e9s \u00e0 Soumoulou, Artigueloutan et Espoey.<\/p>\n","protected":false},"author":282,"featured_media":0,"parent":0,"menu_order":0,"comment_status":"closed","ping_status":"closed","template":"","meta":{"_et_pb_use_builder":"on","_et_pb_old_content":"","_et_gb_content_width":"","content-type":"","ngg_post_thumbnail":0,"footnotes":""},"class_list":["post-176","page","type-page","status-publish","hentry"],"jetpack_sharing_enabled":true,"_links":{"self":[{"href":"https:\/\/studentsiteshub.fr\/agest-clement\/wp-json\/wp\/v2\/pages\/176","targetHints":{"allow":["GET"]}}],"collection":[{"href":"https:\/\/studentsiteshub.fr\/agest-clement\/wp-json\/wp\/v2\/pages"}],"about":[{"href":"https:\/\/studentsiteshub.fr\/agest-clement\/wp-json\/wp\/v2\/types\/page"}],"author":[{"embeddable":true,"href":"https:\/\/studentsiteshub.fr\/agest-clement\/wp-json\/wp\/v2\/users\/282"}],"replies":[{"embeddable":true,"href":"https:\/\/studentsiteshub.fr\/agest-clement\/wp-json\/wp\/v2\/comments?post=176"}],"version-history":[{"count":3,"href":"https:\/\/studentsiteshub.fr\/agest-clement\/wp-json\/wp\/v2\/pages\/176\/revisions"}],"predecessor-version":[{"id":584,"href":"https:\/\/studentsiteshub.fr\/agest-clement\/wp-json\/wp\/v2\/pages\/176\/revisions\/584"}],"wp:attachment":[{"href":"https:\/\/studentsiteshub.fr\/agest-clement\/wp-json\/wp\/v2\/media?parent=176"}],"curies":[{"name":"wp","href":"https:\/\/api.w.org\/{rel}","templated":true}]}}