{"id":153,"date":"2025-10-21T15:50:31","date_gmt":"2025-10-21T13:50:31","guid":{"rendered":"https:\/\/studentsiteshub.fr\/ridel-pauline\/?page_id=153"},"modified":"2025-12-09T17:27:38","modified_gmt":"2025-12-09T16:27:38","slug":"faq","status":"publish","type":"page","link":"https:\/\/studentsiteshub.fr\/ridel-pauline\/faq\/","title":{"rendered":"FAQ"},"content":{"rendered":"<p>[et_pb_section fb_built=\u00a0\u00bb1&Prime; _builder_version=\u00a0\u00bb4.27.5&Prime; _module_preset=\u00a0\u00bbdefault\u00a0\u00bb background_color=\u00a0\u00bb#ffdbe9&Prime; background_enable_image=\u00a0\u00bboff\u00a0\u00bb min_height=\u00a0\u00bb332px\u00a0\u00bb custom_padding=\u00a0\u00bb101px||0px|||\u00a0\u00bb hover_enabled=\u00a0\u00bb0&Prime; da_disable_devices=\u00a0\u00bboff|off|off\u00a0\u00bb global_colors_info=\u00a0\u00bb{}\u00a0\u00bb sticky_enabled=\u00a0\u00bb0&Prime; da_is_popup=\u00a0\u00bboff\u00a0\u00bb da_exit_intent=\u00a0\u00bboff\u00a0\u00bb da_has_close=\u00a0\u00bbon\u00a0\u00bb da_alt_close=\u00a0\u00bboff\u00a0\u00bb da_dark_close=\u00a0\u00bboff\u00a0\u00bb da_not_modal=\u00a0\u00bbon\u00a0\u00bb da_is_singular=\u00a0\u00bboff\u00a0\u00bb da_with_loader=\u00a0\u00bboff\u00a0\u00bb da_has_shadow=\u00a0\u00bbon\u00a0\u00bb][et_pb_row _builder_version=\u00a0\u00bb4.27.4&Prime; _module_preset=\u00a0\u00bbdefault\u00a0\u00bb global_colors_info=\u00a0\u00bb{}\u00a0\u00bb][et_pb_column type=\u00a0\u00bb4_4&Prime; _builder_version=\u00a0\u00bb4.27.4&Prime; _module_preset=\u00a0\u00bbdefault\u00a0\u00bb global_colors_info=\u00a0\u00bb{}\u00a0\u00bb][et_pb_text _builder_version=\u00a0\u00bb4.27.4&Prime; _module_preset=\u00a0\u00bbdefault\u00a0\u00bb header_font=\u00a0\u00bbAkshar||||||||\u00a0\u00bb header_text_align=\u00a0\u00bbcenter\u00a0\u00bb header_font_size=\u00a0\u00bb100px\u00a0\u00bb header_text_shadow_style=\u00a0\u00bbpreset5&Prime; global_colors_info=\u00a0\u00bb{}\u00a0\u00bb]<\/p>\n<h1>FAQ<\/h1>\n<p>[\/et_pb_text][\/et_pb_column][\/et_pb_row][et_pb_row _builder_version=\u00a0\u00bb4.27.4&Prime; _module_preset=\u00a0\u00bbdefault\u00a0\u00bb global_colors_info=\u00a0\u00bb{}\u00a0\u00bb][et_pb_column type=\u00a0\u00bb4_4&Prime; _builder_version=\u00a0\u00bb4.27.4&Prime; _module_preset=\u00a0\u00bbdefault\u00a0\u00bb global_colors_info=\u00a0\u00bb{}\u00a0\u00bb][et_pb_text _builder_version=\u00a0\u00bb4.27.4&Prime; _module_preset=\u00a0\u00bbdefault\u00a0\u00bb text_font=\u00a0\u00bbAkshar||||||||\u00a0\u00bb header_2_text_align=\u00a0\u00bbcenter\u00a0\u00bb header_2_text_color=\u00a0\u00bb#FFFFFF\u00a0\u00bb header_2_font_size=\u00a0\u00bb30px\u00a0\u00bb header_2_text_shadow_style=\u00a0\u00bbpreset2&Prime; global_colors_info=\u00a0\u00bb{}\u00a0\u00bb]<\/p>\n<h2>Voici quelques questions que l&rsquo;on se pose sur le rugby f\u00e9minin :<\/h2>\n<p>[\/et_pb_text][\/et_pb_column][\/et_pb_row][et_pb_row _builder_version=\u00a0\u00bb4.27.4&Prime; _module_preset=\u00a0\u00bbdefault\u00a0\u00bb global_colors_info=\u00a0\u00bb{}\u00a0\u00bb][et_pb_column type=\u00a0\u00bb4_4&Prime; _builder_version=\u00a0\u00bb4.27.4&Prime; _module_preset=\u00a0\u00bbdefault\u00a0\u00bb global_colors_info=\u00a0\u00bb{}\u00a0\u00bb][et_pb_toggle title=\u00a0\u00bbDepuis quand les femmes jouent au rugby ? \u00a0\u00bb _builder_version=\u00a0\u00bb4.27.4&Prime; _module_preset=\u00a0\u00bbdefault\u00a0\u00bb global_colors_info=\u00a0\u00bb{}\u00a0\u00bb]<\/p>\n<p>Les premi\u00e8res \u00e9quipes f\u00e9minines sont apparues dans les ann\u00e9es 1960-1970. En France, la premi\u00e8re rencontre officielle a eu lieu en 1970. La reconnaissance officielle du rugby f\u00e9minin par les f\u00e9d\u00e9rations nationales et internationales s\u2019est faite progressivement dans les ann\u00e9es 1980-1990.<\/p>\n<p>[\/et_pb_toggle][et_pb_toggle title=\u00a0\u00bbQuelles sont les grandes comp\u00e9titions du rugby f\u00e9minin ? \u00a0\u00bb _builder_version=\u00a0\u00bb4.27.4&Prime; _module_preset=\u00a0\u00bbdefault\u00a0\u00bb global_colors_info=\u00a0\u00bb{}\u00a0\u00bb]<\/p>\n<ul data-start=\"1384\" data-end=\"1730\">\n<li data-start=\"1384\" data-end=\"1593\">\n<p data-start=\"1386\" data-end=\"1402\"><strong data-start=\"1386\" data-end=\"1402\">Rugby \u00e0 XV :<\/strong><\/p>\n<ul data-start=\"1405\" data-end=\"1593\">\n<li data-start=\"1405\" data-end=\"1467\">\n<p data-start=\"1407\" data-end=\"1467\">Coupe du Monde F\u00e9minine de Rugby (organis\u00e9e par World Rugby)<\/p>\n<\/li>\n<li data-start=\"1470\" data-end=\"1505\">\n<p data-start=\"1472\" data-end=\"1505\">Tournoi des Six Nations F\u00e9minin<\/p>\n<\/li>\n<li data-start=\"1508\" data-end=\"1593\">\n<p data-start=\"1510\" data-end=\"1593\">Championnats nationaux (Top 16, Elite 1 en France, Premier 15s en Angleterre, etc.)<\/p>\n<\/li>\n<\/ul>\n<\/li>\n<li data-start=\"1595\" data-end=\"1730\">\n<p data-start=\"1597\" data-end=\"1614\"><strong data-start=\"1597\" data-end=\"1614\">Rugby \u00e0 VII :<\/strong><\/p>\n<ul data-start=\"1617\" data-end=\"1730\">\n<li data-start=\"1617\" data-end=\"1654\">\n<p data-start=\"1619\" data-end=\"1654\">World Rugby Sevens Series F\u00e9minin<\/p>\n<\/li>\n<li data-start=\"1657\" data-end=\"1696\">\n<p data-start=\"1659\" data-end=\"1696\">Tournois de qualification olympique<\/p>\n<\/li>\n<li data-start=\"1699\" data-end=\"1730\">\n<p data-start=\"1701\" data-end=\"1730\">Jeux Olympiques (depuis 2016)<\/p>\n<\/li>\n<\/ul>\n<\/li>\n<\/ul>\n<p>[\/et_pb_toggle][et_pb_toggle title=\u00a0\u00bbLes femmes peuvent-elles jouer dans des \u00e9quipes mixtes ? \u00a0\u00bb _builder_version=\u00a0\u00bb4.27.4&Prime; _module_preset=\u00a0\u00bbdefault\u00a0\u00bb global_colors_info=\u00a0\u00bb{}\u00a0\u00bb]<\/p>\n<p data-start=\"1805\" data-end=\"2027\">Oui, jusqu\u2019\u00e0 un certain \u00e2ge. Chez les jeunes (souvent jusqu\u2019\u00e0 14-15 ans), les \u00e9quipes mixtes sont courantes. Ensuite, les cat\u00e9gories deviennent g\u00e9n\u00e9ralement s\u00e9par\u00e9es pour des raisons de s\u00e9curit\u00e9 et de performance physique.<\/p>\n<p>[\/et_pb_toggle][et_pb_toggle title=\u00a0\u00bbQuelles sont les grandes nations du rugby f\u00e9minin? \u00a0\u00bb _builder_version=\u00a0\u00bb4.27.4&Prime; _module_preset=\u00a0\u00bbdefault\u00a0\u00bb global_colors_info=\u00a0\u00bb{}\u00a0\u00bb]<\/p>\n<p data-start=\"2097\" data-end=\"2135\">Les meilleures \u00e9quipes du monde sont :<\/p>\n<ul data-start=\"2136\" data-end=\"2361\">\n<li data-start=\"2136\" data-end=\"2183\">\n<p data-start=\"2138\" data-end=\"2183\"><strong data-start=\"2138\" data-end=\"2158\">Nouvelle-Z\u00e9lande<\/strong>\u00a0(les \u201cBlack Ferns\u201d)<\/p>\n<\/li>\n<li data-start=\"2184\" data-end=\"2221\">\n<p data-start=\"2186\" data-end=\"2221\"><strong data-start=\"2186\" data-end=\"2200\">Angleterre<\/strong>\u00a0 (les \u201cRed Roses\u201d)<\/p>\n<\/li>\n<li data-start=\"2222\" data-end=\"2254\">\n<p data-start=\"2224\" data-end=\"2254\"><strong data-start=\"2224\" data-end=\"2234\">France<\/strong>\u00a0(les \u201cBleues\u201d)<\/p>\n<\/li>\n<li data-start=\"2255\" data-end=\"2361\">\n<p data-start=\"2257\" data-end=\"2361\"><strong data-start=\"2257\" data-end=\"2267\">Canada<\/strong>, <strong data-start=\"2269\" data-end=\"2282\">Australie<\/strong>, <strong data-start=\"2284\" data-end=\"2298\">\u00c9tats-Unis<\/strong> et <strong data-start=\"2302\" data-end=\"2313\">Irlande<\/strong> figurent aussi parmi les puissances \u00e9mergentes.<\/p>\n<\/li>\n<\/ul>\n<p>[\/et_pb_toggle][et_pb_toggle title=\u00a0\u00bbComment se d\u00e9veloppe le rugby f\u00e9minin en France ? \u00a0\u00bb _builder_version=\u00a0\u00bb4.27.4&Prime; _module_preset=\u00a0\u00bbdefault\u00a0\u00bb global_colors_info=\u00a0\u00bb{}\u00a0\u00bb]<\/p>\n<p data-start=\"2429\" data-end=\"2485\">Le rugby f\u00e9minin fran\u00e7ais conna\u00eet une forte croissance :<\/p>\n<ul data-start=\"2486\" data-end=\"2695\">\n<li data-start=\"2486\" data-end=\"2552\">\n<p data-start=\"2488\" data-end=\"2552\">Plus de 30 000 licenci\u00e9es \u00e0 la FFR (chiffres r\u00e9cents en hausse).<\/p>\n<\/li>\n<li data-start=\"2553\" data-end=\"2624\">\n<p data-start=\"2555\" data-end=\"2624\">Cr\u00e9ation de clubs exclusivement f\u00e9minins et d\u2019\u00e9coles de rugby mixtes.<\/p>\n<\/li>\n<li data-start=\"2625\" data-end=\"2695\">\n<p data-start=\"2627\" data-end=\"2695\">Professionnalisation progressive des joueuses de l\u2019\u00e9quipe de France.<\/p>\n<\/li>\n<\/ul>\n<p>[\/et_pb_toggle][et_pb_toggle title=\u00a0\u00bbQui sont les joueuses embl\u00e9matiques du rugby f\u00e9minin ? \u00a0\u00bb _builder_version=\u00a0\u00bb4.27.4&Prime; _module_preset=\u00a0\u00bbdefault\u00a0\u00bb global_colors_info=\u00a0\u00bb{}\u00a0\u00bb]<\/p>\n<p data-start=\"2768\" data-end=\"2794\">Quelques grandes figures :<\/p>\n<ul data-start=\"2795\" data-end=\"3045\">\n<li data-start=\"2795\" data-end=\"2867\">\n<p data-start=\"2797\" data-end=\"2867\"><strong data-start=\"2797\" data-end=\"2818\">Jessy Tr\u00e9mouli\u00e8re<\/strong> (France) \u2013 meilleure joueuse du monde en 2018.<\/p>\n<\/li>\n<li data-start=\"2868\" data-end=\"2940\">\n<p data-start=\"2870\" data-end=\"2940\"><strong data-start=\"2870\" data-end=\"2888\">Portia Woodman<\/strong> (Nouvelle-Z\u00e9lande) \u2013 star du rugby \u00e0 VII et \u00e0 XV.<\/p>\n<\/li>\n<li data-start=\"2941\" data-end=\"3045\">\n<p data-start=\"2943\" data-end=\"3045\"><strong data-start=\"2943\" data-end=\"2961\">Emily Scarratt<\/strong> (Angleterre) \u2013 meilleure marqueuse du Tournoi des Six Nations \u00e0 plusieurs reprises.<\/p>\n<\/li>\n<\/ul>\n<p>[\/et_pb_toggle][\/et_pb_column][\/et_pb_row][\/et_pb_section]<\/p>\n","protected":false},"excerpt":{"rendered":"<p>FAQVoici quelques questions que l&rsquo;on se pose sur le rugby f\u00e9minin :Les premi\u00e8res \u00e9quipes f\u00e9minines sont apparues dans les ann\u00e9es 1960-1970. En France, la premi\u00e8re rencontre officielle a eu lieu en 1970. La reconnaissance officielle du rugby f\u00e9minin par les f\u00e9d\u00e9rations nationales et internationales s\u2019est faite progressivement dans les ann\u00e9es 1980-1990. Rugby \u00e0 XV : Coupe du Monde F\u00e9minine de Rugby (organis\u00e9e par World Rugby) Tournoi des Six Nations F\u00e9minin Championnats nationaux (Top 16, Elite 1 en France, Premier 15s en Angleterre, etc.) Rugby \u00e0 VII : World Rugby Sevens Series F\u00e9minin Tournois de qualification olympique Jeux Olympiques (depuis 2016) Oui, jusqu\u2019\u00e0 un certain \u00e2ge. Chez les jeunes (souvent jusqu\u2019\u00e0 14-15 ans), les \u00e9quipes mixtes sont courantes. Ensuite, les cat\u00e9gories deviennent g\u00e9n\u00e9ralement s\u00e9par\u00e9es pour des raisons de s\u00e9curit\u00e9 et de performance physique.Les meilleures \u00e9quipes du monde sont : Nouvelle-Z\u00e9lande\u00a0(les \u201cBlack Ferns\u201d) Angleterre\u00a0 (les \u201cRed Roses\u201d) France\u00a0(les \u201cBleues\u201d) Canada, Australie, \u00c9tats-Unis et Irlande figurent aussi parmi les puissances \u00e9mergentes. Le rugby f\u00e9minin fran\u00e7ais conna\u00eet une forte croissance : Plus de 30 000 licenci\u00e9es \u00e0 la FFR (chiffres r\u00e9cents en hausse). Cr\u00e9ation de clubs exclusivement f\u00e9minins et d\u2019\u00e9coles de rugby mixtes. Professionnalisation progressive des joueuses de l\u2019\u00e9quipe de France. Quelques grandes figures [&hellip;]<\/p>\n","protected":false},"author":256,"featured_media":0,"parent":0,"menu_order":0,"comment_status":"closed","ping_status":"closed","template":"","meta":{"_et_pb_use_builder":"on","_et_pb_old_content":"","_et_gb_content_width":"","content-type":"","ngg_post_thumbnail":0,"footnotes":""},"class_list":["post-153","page","type-page","status-publish","hentry"],"jetpack_sharing_enabled":true,"_links":{"self":[{"href":"https:\/\/studentsiteshub.fr\/ridel-pauline\/wp-json\/wp\/v2\/pages\/153","targetHints":{"allow":["GET"]}}],"collection":[{"href":"https:\/\/studentsiteshub.fr\/ridel-pauline\/wp-json\/wp\/v2\/pages"}],"about":[{"href":"https:\/\/studentsiteshub.fr\/ridel-pauline\/wp-json\/wp\/v2\/types\/page"}],"author":[{"embeddable":true,"href":"https:\/\/studentsiteshub.fr\/ridel-pauline\/wp-json\/wp\/v2\/users\/256"}],"replies":[{"embeddable":true,"href":"https:\/\/studentsiteshub.fr\/ridel-pauline\/wp-json\/wp\/v2\/comments?post=153"}],"version-history":[{"count":3,"href":"https:\/\/studentsiteshub.fr\/ridel-pauline\/wp-json\/wp\/v2\/pages\/153\/revisions"}],"predecessor-version":[{"id":531,"href":"https:\/\/studentsiteshub.fr\/ridel-pauline\/wp-json\/wp\/v2\/pages\/153\/revisions\/531"}],"wp:attachment":[{"href":"https:\/\/studentsiteshub.fr\/ridel-pauline\/wp-json\/wp\/v2\/media?parent=153"}],"curies":[{"name":"wp","href":"https:\/\/api.w.org\/{rel}","templated":true}]}}